{"id":43,"date":"2025-05-22T21:04:31","date_gmt":"2025-05-22T21:04:31","guid":{"rendered":"https:\/\/ationsolutions.com\/esp\/?page_id=43"},"modified":"2025-11-27T12:31:30","modified_gmt":"2025-11-27T17:31:30","slug":"casos-de-estudio","status":"publish","type":"page","link":"https:\/\/ationsolutions.com\/esp\/casos-de-estudio\/","title":{"rendered":"Casos de Estudio"},"content":{"rendered":"\t\t<div data-elementor-type=\"wp-page\" data-elementor-id=\"43\" class=\"elementor elementor-43\" data-elementor-post-type=\"page\">\n\t\t\t\t<div class=\"elementor-element elementor-element-ff9ef28 e-flex e-con-boxed elementor-invisible e-con e-parent\" data-id=\"ff9ef28\" data-element_type=\"container\" data-settings=\"{&quot;background_background&quot;:&quot;classic&quot;,&quot;jet_parallax_layout_list&quot;:[],&quot;animation&quot;:&quot;fadeIn&quot;}\">\n\t\t\t\t\t<div class=\"e-con-inner\">\n\t\t<div class=\"elementor-element elementor-element-ac6ccb2 e-con-full animated-slow e-flex elementor-invisible e-con e-child\" data-id=\"ac6ccb2\" data-element_type=\"container\" data-settings=\"{&quot;jet_parallax_layout_list&quot;:[],&quot;animation&quot;:&quot;fadeInRight&quot;}\">\n\t\t\t\t<div class=\"elementor-element elementor-element-1d387cb elementor-widget elementor-widget-heading\" data-id=\"1d387cb\" data-element_type=\"widget\" data-widget_type=\"heading.default\">\n\t\t\t\t<div class=\"elementor-widget-container\">\n\t\t\t\t\t<h1 class=\"elementor-heading-title elementor-size-default\">Tecnolog\u00edas Comprobadas. \u00c9xito Global.\n<\/h1>\t\t\t\t<\/div>\n\t\t\t\t<\/div>\n\t\t\t\t<div class=\"elementor-element elementor-element-167a9bc elementor-widget elementor-widget-text-editor\" data-id=\"167a9bc\" data-element_type=\"widget\" data-widget_type=\"text-editor.default\">\n\t\t\t\t<div class=\"elementor-widget-container\">\n\t\t\t\t\t\t\t\t\t<p><span style=\"font-weight: 400;\">En Ation Solutions representamos y apoyamos la implementaci\u00f3n de tecnolog\u00edas que ya est\u00e1n transformando industrias en todo el mundo. Estos casos de \u00e9xito destacan proyectos exitosos desarrollados por nuestros socios tecnol\u00f3gicos (OEM), soluciones que nos enorgullece presentar en nuevas regiones.<\/span><\/p>\t\t\t\t\t\t\t\t<\/div>\n\t\t\t\t<\/div>\n\t\t\t\t<\/div>\n\t\t\t\t\t<\/div>\n\t\t\t\t<\/div>\n\t\t<div class=\"elementor-element elementor-element-2fe0b37 animated-slow e-flex e-con-boxed elementor-invisible e-con e-parent\" data-id=\"2fe0b37\" data-element_type=\"container\" data-settings=\"{&quot;jet_parallax_layout_list&quot;:[],&quot;animation&quot;:&quot;fadeInUp&quot;}\">\n\t\t\t\t\t<div class=\"e-con-inner\">\n\t\t\t\t<div class=\"elementor-element elementor-element-31bffb5 elementor-widget__width-initial elementor-widget elementor-widget-heading\" data-id=\"31bffb5\" data-element_type=\"widget\" data-widget_type=\"heading.default\">\n\t\t\t\t<div class=\"elementor-widget-container\">\n\t\t\t\t\t<h2 class=\"elementor-heading-title elementor-size-default\"><b> Historias de \u00c9xito <\/b> en Aplicaciones Reales<\/h2>\t\t\t\t<\/div>\n\t\t\t\t<\/div>\n\t\t\t\t<div class=\"elementor-element elementor-element-b218c15 elementor-widget__width-initial elementor-widget elementor-widget-heading\" data-id=\"b218c15\" data-element_type=\"widget\" data-widget_type=\"heading.default\">\n\t\t\t\t<div class=\"elementor-widget-container\">\n\t\t\t\t\t<h3 class=\"elementor-heading-title elementor-size-default\">\nCada caso presentado aqu\u00ed corresponde a un proyecto real desarrollado por nuestros socios OEM. Estos resultados demuestran la confiabilidad y el rendimiento de los sistemas que llevamos a Am\u00e9rica Latina.<\/h3>\t\t\t\t<\/div>\n\t\t\t\t<\/div>\n\t\t\t\t<div class=\"elementor-element elementor-element-1600aa9 elementor-widget elementor-widget-jet-carousel\" data-id=\"1600aa9\" data-element_type=\"widget\" data-settings=\"{&quot;slides_to_show&quot;:&quot;5&quot;,&quot;slides_to_show_tablet&quot;:&quot;3&quot;,&quot;slides_to_show_mobile&quot;:&quot;2&quot;,&quot;slides_to_scroll&quot;:&quot;1&quot;}\" data-widget_type=\"jet-carousel.default\">\n\t\t\t\t<div class=\"elementor-widget-container\">\n\t\t\t\t\t<div class=\"elementor-jet-carousel jet-elements\"><div class=\"jet-carousel-wrap jet-equal-cols\">\n\t<div class=\"jet-carousel\" data-slider_options=\"{&quot;autoplaySpeed&quot;:5000,&quot;autoplay&quot;:true,&quot;infinite&quot;:true,&quot;centerMode&quot;:false,&quot;centerPadding&quot;:&quot;50px&quot;,&quot;pauseOnHover&quot;:false,&quot;speed&quot;:500,&quot;arrows&quot;:false,&quot;dots&quot;:true,&quot;variableWidth&quot;:false,&quot;prevArrow&quot;:&quot;.jet-carousel__prev-arrow-1600aa9&quot;,&quot;nextArrow&quot;:&quot;.jet-carousel__next-arrow-1600aa9&quot;,&quot;rtl&quot;:false,&quot;fractionNav&quot;:false}\" dir=\"ltr\">\n\t<div class=\"elementor-slick-slider\">\n\n<div class=\"jet-carousel__item\">\n\t<div class=\"jet-carousel__item-inner\"><a href=\"https:\/\/www.biocareprojects.com\/post\/almond-shell\" class=\"jet-carousel__item-link\" target=\"_blank\" rel=\"noopener\"><img decoding=\"async\" src=\"https:\/\/ationsolutions.com\/esp\/wp-content\/uploads\/world-applications-1.png\" class=\"jet-carousel__item-img\" alt=\"world-applications-1\" loading=\"\"><\/a><div class=\"jet-carousel__content\"><h5 class=\"jet-carousel__item-title\">Biochar Production- Kangaroo Island (Australia)<\/h5><a class=\"elementor-button elementor-size-md jet-carousel__item-button\" href=\"https:\/\/www.biocareprojects.com\/post\/almond-shell\" target=\"_blank\" rel=\"noopener\">\ud83d\udd17 See content<\/a><\/div><\/div>\n<\/div>\n\n<div class=\"jet-carousel__item\">\n\t<div class=\"jet-carousel__item-inner\"><a href=\"https:\/\/www.biocareprojects.com\/post\/inkan-negro\" class=\"jet-carousel__item-link\" target=\"_blank\" rel=\"noopener\"><img decoding=\"async\" src=\"https:\/\/ationsolutions.com\/esp\/wp-content\/uploads\/world-applications-2.png\" class=\"jet-carousel__item-img\" alt=\"world-applications-2\" loading=\"\"><\/a><div class=\"jet-carousel__content\"><h5 class=\"jet-carousel__item-title\">Biochar- Inkan Negro, Peru<\/h5><a class=\"elementor-button elementor-size-md jet-carousel__item-button\" href=\"https:\/\/www.biocareprojects.com\/post\/inkan-negro\" target=\"_blank\" rel=\"noopener\">\ud83d\udd17 See content<\/a><\/div><\/div>\n<\/div>\n\n<div class=\"jet-carousel__item\">\n\t<div class=\"jet-carousel__item-inner\"><a href=\"https:\/\/ationsolutions.com\/esp\/wp-content\/uploads\/6736d20ca7a70b41c9fd8ab8_tallgrass_casestudy-v1e-150ppi.pdf\" class=\"jet-carousel__item-link\"><img decoding=\"async\" src=\"https:\/\/ationsolutions.com\/esp\/wp-content\/uploads\/world-applications-3.png\" class=\"jet-carousel__item-img\" alt=\"world-applications-3\" loading=\"\"><\/a><div class=\"jet-carousel__content\"><h5 class=\"jet-carousel__item-title\">Turboexpanders- Tallgrass, US<\/h5><a class=\"elementor-button elementor-size-md jet-carousel__item-button\" href=\"https:\/\/ationsolutions.com\/esp\/wp-content\/uploads\/6736d20ca7a70b41c9fd8ab8_tallgrass_casestudy-v1e-150ppi.pdf\">\ud83d\udd17 See content<\/a><\/div><\/div>\n<\/div>\n\n<div class=\"jet-carousel__item\">\n\t<div class=\"jet-carousel__item-inner\"><a href=\"https:\/\/www.exergy-orc.com\/casi-studio\/ptt-lng-rayong\/\" class=\"jet-carousel__item-link\" target=\"_blank\" rel=\"noopener\"><img decoding=\"async\" src=\"https:\/\/ationsolutions.com\/esp\/wp-content\/uploads\/world-applications-4.png\" class=\"jet-carousel__item-img\" alt=\"world-applications-4\" loading=\"\"><\/a><div class=\"jet-carousel__content\"><h5 class=\"jet-carousel__item-title\">ORC (Heat Recovery) -PTT LNG RAYONG, Thailand<\/h5><a class=\"elementor-button elementor-size-md jet-carousel__item-button\" href=\"https:\/\/www.exergy-orc.com\/casi-studio\/ptt-lng-rayong\/\" target=\"_blank\" rel=\"noopener\">\ud83d\udd17 See content<\/a><\/div><\/div>\n<\/div>\n\n<div class=\"jet-carousel__item\">\n\t<div class=\"jet-carousel__item-inner\"><a href=\"https:\/\/www.exergy-orc.com\/casi-studio\/cementirossi\/\" class=\"jet-carousel__item-link\" target=\"_blank\" rel=\"noopener\"><img decoding=\"async\" src=\"https:\/\/ationsolutions.com\/esp\/wp-content\/uploads\/world-applications-5.png\" class=\"jet-carousel__item-img\" alt=\"world-applications-5\" loading=\"\"><\/a><div class=\"jet-carousel__content\"><h5 class=\"jet-carousel__item-title\">ORC (Heat Recovery)- CEMENTIROSSI, Italy<\/h5><a class=\"elementor-button elementor-size-md jet-carousel__item-button\" href=\"https:\/\/www.exergy-orc.com\/casi-studio\/cementirossi\/\" target=\"_blank\" rel=\"noopener\">\ud83d\udd17 See content<\/a><\/div><\/div>\n<\/div>\n<\/div><\/div>\n<\/div>\n<\/div>\t\t\t\t<\/div>\n\t\t\t\t<\/div>\n\t\t\t\t\t<\/div>\n\t\t\t\t<\/div>\n\t\t<div class=\"elementor-element elementor-element-c3e1888 e-flex e-con-boxed e-con e-parent\" data-id=\"c3e1888\" data-element_type=\"container\" id=\"form\" data-settings=\"{&quot;background_background&quot;:&quot;classic&quot;,&quot;jet_parallax_layout_list&quot;:[]}\">\n\t\t\t\t\t<div class=\"e-con-inner\">\n\t\t\t\t<div class=\"elementor-element elementor-element-ff0de40 elementor-widget__width-initial elementor-invisible elementor-widget elementor-widget-heading\" data-id=\"ff0de40\" data-element_type=\"widget\" data-settings=\"{&quot;_animation&quot;:&quot;fadeIn&quot;}\" data-widget_type=\"heading.default\">\n\t\t\t\t<div class=\"elementor-widget-container\">\n\t\t\t\t\t<h2 class=\"elementor-heading-title elementor-size-default\"><b> Perm\u00edtanos ayudarle a capitalizar <\/b> las oportunidades dentro de su organizaci\u00f3n\n<\/h2>\t\t\t\t<\/div>\n\t\t\t\t<\/div>\n\t\t\t\t<div class=\"elementor-element elementor-element-a9a0812 elementor-widget__width-initial elementor-invisible elementor-widget elementor-widget-heading\" data-id=\"a9a0812\" data-element_type=\"widget\" data-settings=\"{&quot;_animation&quot;:&quot;fadeIn&quot;,&quot;_animation_delay&quot;:200}\" data-widget_type=\"heading.default\">\n\t\t\t\t<div class=\"elementor-widget-container\">\n\t\t\t\t\t<h3 class=\"elementor-heading-title elementor-size-default\">Cont\u00e1ctenos para explorar c\u00f3mo Ation Solutions puede ayudarle a mejorar la eficiencia, reducir emisiones y generar nuevo valor para su negocio.<\/h3>\t\t\t\t<\/div>\n\t\t\t\t<\/div>\n\t\t<div class=\"elementor-element elementor-element-b0ecf1c e-grid e-con-full e-con e-child\" data-id=\"b0ecf1c\" data-element_type=\"container\" data-settings=\"{&quot;jet_parallax_layout_list&quot;:[]}\">\n\t\t\t\t<div class=\"elementor-element elementor-element-89f2752 animated-slow elementor-button-align-stretch elementor-invisible elementor-widget elementor-widget-form\" data-id=\"89f2752\" data-element_type=\"widget\" data-settings=\"{&quot;step_next_label&quot;:&quot;Next&quot;,&quot;step_previous_label&quot;:&quot;Previous&quot;,&quot;_animation&quot;:&quot;zoomIn&quot;,&quot;button_width&quot;:&quot;100&quot;,&quot;step_type&quot;:&quot;number_text&quot;,&quot;step_icon_shape&quot;:&quot;circle&quot;}\" data-widget_type=\"form.default\">\n\t\t\t\t<div class=\"elementor-widget-container\">\n\t\t\t\t\t\t\t<form class=\"elementor-form\" method=\"post\" name=\"Form. Case studies\" aria-label=\"Form. Case studies\">\n\t\t\t<input type=\"hidden\" name=\"post_id\" value=\"43\"\/>\n\t\t\t<input type=\"hidden\" name=\"form_id\" value=\"89f2752\"\/>\n\t\t\t<input type=\"hidden\" name=\"referer_title\" value=\"\" \/>\n\n\t\t\t\n\t\t\t<div class=\"elementor-form-fields-wrapper elementor-labels-above\">\n\t\t\t\t\t\t\t\t<div class=\"elementor-field-type-text elementor-field-group elementor-column elementor-field-group-name elementor-col-100\">\n\t\t\t\t\t\t\t\t\t\t\t\t\t<input size=\"1\" type=\"text\" name=\"form_fields[name]\" id=\"form-field-name\" class=\"elementor-field elementor-size-sm  elementor-field-textual\" placeholder=\"Nombre*\">\n\t\t\t\t\t\t\t\t\t\t\t<\/div>\n\t\t\t\t\t\t\t\t<div class=\"elementor-field-type-email elementor-field-group elementor-column elementor-field-group-email elementor-col-100 elementor-field-required\">\n\t\t\t\t\t\t\t\t\t\t\t\t\t<input size=\"1\" type=\"email\" name=\"form_fields[email]\" id=\"form-field-email\" class=\"elementor-field elementor-size-sm  elementor-field-textual\" placeholder=\"Correo electr\u00f3nico*\" required=\"required\">\n\t\t\t\t\t\t\t\t\t\t\t<\/div>\n\t\t\t\t\t\t\t\t<div class=\"elementor-field-type-tel elementor-field-group elementor-column elementor-field-group-field_b1ea4b5 elementor-col-100\">\n\t\t\t\t\t\t\t<input size=\"1\" type=\"tel\" name=\"form_fields[field_b1ea4b5]\" id=\"form-field-field_b1ea4b5\" class=\"elementor-field elementor-size-sm  elementor-field-textual\" placeholder=\"Tel\u00e9fono \" pattern=\"[0-9()#&amp;+*-=.]+\" title=\"Solo se aceptan n\u00fameros y caracteres de tel\u00e9fono (#,-,*,etc).\">\n\n\t\t\t\t\t\t<\/div>\n\t\t\t\t\t\t\t\t<div class=\"elementor-field-type-text elementor-field-group elementor-column elementor-field-group-field_74ca0cb elementor-col-100 elementor-field-required\">\n\t\t\t\t\t\t\t\t\t\t\t\t\t<input size=\"1\" type=\"text\" name=\"form_fields[field_74ca0cb]\" id=\"form-field-field_74ca0cb\" class=\"elementor-field elementor-size-sm  elementor-field-textual\" placeholder=\"Sector o Industria\" required=\"required\">\n\t\t\t\t\t\t\t\t\t\t\t<\/div>\n\t\t\t\t\t\t\t\t<div class=\"elementor-field-type-textarea elementor-field-group elementor-column elementor-field-group-message elementor-col-100\">\n\t\t\t\t\t<textarea class=\"elementor-field-textual elementor-field  elementor-size-sm\" name=\"form_fields[message]\" id=\"form-field-message\" rows=\"4\" placeholder=\"\u00bfC\u00f3mo podemos ayudarte?\"><\/textarea>\t\t\t\t<\/div>\n\t\t\t\t\t\t\t\t<div class=\"elementor-field-type-acceptance elementor-field-group elementor-column elementor-field-group-field_05f1538 elementor-col-100 elementor-field-required\">\n\t\t\t\t\t\t\t<div class=\"elementor-field-subgroup\">\n\t\t\t<span class=\"elementor-field-option\">\n\t\t\t\t<input type=\"checkbox\" name=\"form_fields[field_05f1538]\" id=\"form-field-field_05f1538\" class=\"elementor-field elementor-size-sm  elementor-acceptance-field\" required=\"required\" checked=\"checked\">\n\t\t\t\t<label for=\"form-field-field_05f1538\">By clicking the 'Submit' button, I agree to and accept the data processing policy\n<br><br>\nFor more information read our Data Processing Policy here <a href=\"\/privacy-policy\" target=\"_blank\" style=\"color:#000000; text-decoration: underline;\">Data processing policy<\/a>\n<\/label>\t\t\t<\/span>\n\t\t<\/div>\n\t\t\t\t\t\t<\/div>\n\t\t\t\t\t\t\t\t<div class=\"elementor-field-type-recaptcha_v3 elementor-field-group elementor-column elementor-field-group-field_445cdb2 elementor-col-100 recaptcha_v3-bottomright\">\n\t\t\t\t\t<div class=\"elementor-field\" id=\"form-field-field_445cdb2\"><div class=\"elementor-g-recaptcha\" data-sitekey=\"6LfkFnQrAAAAAGrmgt41B3I5jvxQr7IYDXZ4Pfm7\" data-type=\"v3\" data-action=\"Form\" data-badge=\"bottomright\" data-size=\"invisible\"><\/div><\/div>\t\t\t\t<\/div>\n\t\t\t\t\t\t\t\t<div class=\"elementor-field-type-text\">\n\t\t\t\t\t<input size=\"1\" type=\"text\" name=\"form_fields[field_bc4223c]\" id=\"form-field-field_bc4223c\" class=\"elementor-field elementor-size-sm \" style=\"display:none !important;\">\t\t\t\t<\/div>\n\t\t\t\t\t\t\t\t<div class=\"elementor-field-group elementor-column elementor-field-type-submit elementor-col-100 e-form__buttons\">\n\t\t\t\t\t<button class=\"elementor-button elementor-size-sm\" type=\"submit\">\n\t\t\t\t\t\t<span class=\"elementor-button-content-wrapper\">\n\t\t\t\t\t\t\t\t\t\t\t\t\t\t\t\t\t\t\t\t\t\t<span class=\"elementor-button-text\">Enviar<\/span>\n\t\t\t\t\t\t\t\t\t\t\t\t\t<\/span>\n\t\t\t\t\t<\/button>\n\t\t\t\t<\/div>\n\t\t\t<\/div>\n\t\t<\/form>\n\t\t\t\t\t\t<\/div>\n\t\t\t\t<\/div>\n\t\t\t\t<div class=\"elementor-element elementor-element-3d43700 elementor-invisible elementor-widget elementor-widget-image\" data-id=\"3d43700\" data-element_type=\"widget\" data-settings=\"{&quot;_animation&quot;:&quot;fadeInRight&quot;}\" data-widget_type=\"image.default\">\n\t\t\t\t<div class=\"elementor-widget-container\">\n\t\t\t\t\t\t\t\t\t\t\t\t\t\t\t<img fetchpriority=\"high\" decoding=\"async\" width=\"592\" height=\"593\" src=\"https:\/\/ationsolutions.com\/esp\/wp-content\/uploads\/2025\/05\/pqr-ation.png\" class=\"attachment-full size-full wp-image-102\" alt=\"\" srcset=\"https:\/\/ationsolutions.com\/esp\/wp-content\/uploads\/2025\/05\/pqr-ation.png 592w, https:\/\/ationsolutions.com\/esp\/wp-content\/uploads\/2025\/05\/pqr-ation-300x300.png 300w, https:\/\/ationsolutions.com\/esp\/wp-content\/uploads\/2025\/05\/pqr-ation-150x150.png 150w\" sizes=\"(max-width: 592px) 100vw, 592px\" \/>\t\t\t\t\t\t\t\t\t\t\t\t\t\t\t<\/div>\n\t\t\t\t<\/div>\n\t\t\t\t<\/div>\n\t\t\t\t\t<\/div>\n\t\t\t\t<\/div>\n\t\t\t\t<\/div>\n\t\t","protected":false},"excerpt":{"rendered":"<p>Tecnolog\u00edas Comprobadas. \u00c9xito Global. En Ation Solutions representamos y apoyamos la implementaci\u00f3n de tecnolog\u00edas que ya est\u00e1n transformando industrias en todo el mundo. Estos casos de \u00e9xito destacan proyectos exitosos desarrollados por nuestros socios tecnol\u00f3gicos (OEM), soluciones que nos enorgullece presentar en nuevas regiones. Historias de \u00c9xito en Aplicaciones Reales Cada caso presentado aqu\u00ed corresponde [&hellip;]<\/p>\n","protected":false},"author":3,"featured_media":0,"parent":0,"menu_order":0,"comment_status":"closed","ping_status":"closed","template":"","meta":{"footnotes":""},"class_list":["post-43","page","type-page","status-publish","hentry"],"_links":{"self":[{"href":"https:\/\/ationsolutions.com\/esp\/wp-json\/wp\/v2\/pages\/43","targetHints":{"allow":["GET"]}}],"collection":[{"href":"https:\/\/ationsolutions.com\/esp\/wp-json\/wp\/v2\/pages"}],"about":[{"href":"https:\/\/ationsolutions.com\/esp\/wp-json\/wp\/v2\/types\/page"}],"author":[{"embeddable":true,"href":"https:\/\/ationsolutions.com\/esp\/wp-json\/wp\/v2\/users\/3"}],"replies":[{"embeddable":true,"href":"https:\/\/ationsolutions.com\/esp\/wp-json\/wp\/v2\/comments?post=43"}],"version-history":[{"count":80,"href":"https:\/\/ationsolutions.com\/esp\/wp-json\/wp\/v2\/pages\/43\/revisions"}],"predecessor-version":[{"id":2108,"href":"https:\/\/ationsolutions.com\/esp\/wp-json\/wp\/v2\/pages\/43\/revisions\/2108"}],"wp:attachment":[{"href":"https:\/\/ationsolutions.com\/esp\/wp-json\/wp\/v2\/media?parent=43"}],"curies":[{"name":"wp","href":"https:\/\/api.w.org\/{rel}","templated":true}]}}