{"id":581,"date":"2025-06-09T19:20:25","date_gmt":"2025-06-09T19:20:25","guid":{"rendered":"https:\/\/ationsolutions.com\/esp\/?page_id=581"},"modified":"2025-08-13T17:43:37","modified_gmt":"2025-08-13T22:43:37","slug":"politica-de-privacidad","status":"publish","type":"page","link":"https:\/\/ationsolutions.com\/esp\/politica-de-privacidad\/","title":{"rendered":"Pol\u00edtica de Privacidad"},"content":{"rendered":"\t\t<div data-elementor-type=\"wp-page\" data-elementor-id=\"581\" class=\"elementor elementor-581\" data-elementor-post-type=\"page\">\n\t\t\t\t<div class=\"elementor-element elementor-element-fd85402 animated-slow e-flex e-con-boxed elementor-invisible e-con e-parent\" data-id=\"fd85402\" data-element_type=\"container\" data-settings=\"{&quot;jet_parallax_layout_list&quot;:[],&quot;animation&quot;:&quot;fadeInLeft&quot;}\">\n\t\t\t\t\t<div class=\"e-con-inner\">\n\t\t\t\t<div class=\"elementor-element elementor-element-e981708 elementor-widget elementor-widget-heading\" data-id=\"e981708\" data-element_type=\"widget\" data-widget_type=\"heading.default\">\n\t\t\t\t<div class=\"elementor-widget-container\">\n\t\t\t\t\t<h2 class=\"elementor-heading-title elementor-size-default\">Pol\u00edtica de Privacidad y Tratamiento de Datos. \n<\/h2>\t\t\t\t<\/div>\n\t\t\t\t<\/div>\n\t\t\t\t<div class=\"elementor-element elementor-element-75e77d7 elementor-widget elementor-widget-icon-box\" data-id=\"75e77d7\" data-element_type=\"widget\" data-widget_type=\"icon-box.default\">\n\t\t\t\t<div class=\"elementor-widget-container\">\n\t\t\t\t\t\t\t<div class=\"elementor-icon-box-wrapper\">\n\n\t\t\t\n\t\t\t\t\t\t<div class=\"elementor-icon-box-content\">\n\n\t\t\t\t\t\t\t\t\t<h3 class=\"elementor-icon-box-title\">\n\t\t\t\t\t\t<span  >\n\t\t\t\t\t\t\tAtion Solutions Pty Ltd \u2013 Privacy Policy\t\t\t\t\t\t<\/span>\n\t\t\t\t\t<\/h3>\n\t\t\t\t\n\t\t\t\t\t\t\t\t\t<p class=\"elementor-icon-box-description\">\n\t\t\t\t\t\tEsta Pol\u00edtica de Privacidad explica c\u00f3mo Ation Solutions Pty Ltd (\"Ation Solutions\", \"nosotros\" o \"nuestro\") recopila, utiliza y protege sus datos personales cuando interact\u00faa con nuestro sitio web, plataformas digitales o servicios.\t\t\t\t\t<\/p>\n\t\t\t\t\n\t\t\t<\/div>\n\t\t\t\n\t\t<\/div>\n\t\t\t\t\t\t<\/div>\n\t\t\t\t<\/div>\n\t\t\t\t<div class=\"elementor-element elementor-element-f29268f elementor-widget elementor-widget-icon-box\" data-id=\"f29268f\" data-element_type=\"widget\" data-widget_type=\"icon-box.default\">\n\t\t\t\t<div class=\"elementor-widget-container\">\n\t\t\t\t\t\t\t<div class=\"elementor-icon-box-wrapper\">\n\n\t\t\t\n\t\t\t\t\t\t<div class=\"elementor-icon-box-content\">\n\n\t\t\t\t\t\t\t\t\t<h3 class=\"elementor-icon-box-title\">\n\t\t\t\t\t\t<span  >\n\t\t\t\t\t\t\t\u00bfQu\u00e9 datos recopilamos?\t\t\t\t\t\t<\/span>\n\t\t\t\t\t<\/h3>\n\t\t\t\t\n\t\t\t\t\t\t\t\t\t<p class=\"elementor-icon-box-description\">\n\t\t\t\t\t\tAtion Solutions recopila los siguientes tipos de informaci\u00f3n:\nInformaci\u00f3n de identificaci\u00f3n personal: nombre, direcci\u00f3n de correo electr\u00f3nico, n\u00famero de tel\u00e9fono, nombre de la empresa, cargo (cuando se proporciona a trav\u00e9s de nuestros formularios o por correo electr\u00f3nico).\nInformaci\u00f3n del dispositivo e internet: direcci\u00f3n IP p\u00fablica, tipo de navegador, sistema operativo y detalles del dispositivo (a trav\u00e9s de cookies o herramientas de an\u00e1lisis).\nInformaci\u00f3n relacionada con negocios: intereses en proyectos, sector industrial y cualquier otra informaci\u00f3n adicional que proporcione voluntariamente.\t\t\t\t\t<\/p>\n\t\t\t\t\n\t\t\t<\/div>\n\t\t\t\n\t\t<\/div>\n\t\t\t\t\t\t<\/div>\n\t\t\t\t<\/div>\n\t\t\t\t<div class=\"elementor-element elementor-element-a4a8fd5 elementor-widget elementor-widget-icon-box\" data-id=\"a4a8fd5\" data-element_type=\"widget\" data-widget_type=\"icon-box.default\">\n\t\t\t\t<div class=\"elementor-widget-container\">\n\t\t\t\t\t\t\t<div class=\"elementor-icon-box-wrapper\">\n\n\t\t\t\n\t\t\t\t\t\t<div class=\"elementor-icon-box-content\">\n\n\t\t\t\t\t\t\t\t\t<h3 class=\"elementor-icon-box-title\">\n\t\t\t\t\t\t<span  >\n\t\t\t\t\t\t\t\u00bfC\u00f3mo utilizamos sus datos?\t\t\t\t\t\t<\/span>\n\t\t\t\t\t<\/h3>\n\t\t\t\t\n\t\t\t\t\t\t\t\t\t<p class=\"elementor-icon-box-description\">\n\t\t\t\t\t\tUtilizamos sus datos para:\nResponder a sus consultas y proporcionar la informaci\u00f3n o servicios solicitados.\nFacilitar el relacionamiento comercial y las alianzas estrat\u00e9gicas.\nMejorar su experiencia en nuestras plataformas digitales.\nEnviar actualizaciones, oportunidades o invitaciones relevantes (con su consentimiento).\nCumplir con obligaciones legales o regulatorias.\n\t\t\t\t\t<\/p>\n\t\t\t\t\n\t\t\t<\/div>\n\t\t\t\n\t\t<\/div>\n\t\t\t\t\t\t<\/div>\n\t\t\t\t<\/div>\n\t\t\t\t<div class=\"elementor-element elementor-element-419d4fa elementor-widget elementor-widget-icon-box\" data-id=\"419d4fa\" data-element_type=\"widget\" data-widget_type=\"icon-box.default\">\n\t\t\t\t<div class=\"elementor-widget-container\">\n\t\t\t\t\t\t\t<div class=\"elementor-icon-box-wrapper\">\n\n\t\t\t\n\t\t\t\t\t\t<div class=\"elementor-icon-box-content\">\n\n\t\t\t\t\t\t\t\t\t<h3 class=\"elementor-icon-box-title\">\n\t\t\t\t\t\t<span  >\n\t\t\t\t\t\t\t\u00bfC\u00f3mo almacenamos sus datos?\t\t\t\t\t\t<\/span>\n\t\t\t\t\t<\/h3>\n\t\t\t\t\n\t\t\t\t\t\t\t\t\t<p class=\"elementor-icon-box-description\">\n\t\t\t\t\t\tAlmacenamos su informaci\u00f3n personal de forma segura mediante servicios en la nube confiables de terceros. Estos pueden estar ubicados en Australia u otras regiones que cuenten con garant\u00edas adecuadas de protecci\u00f3n de datos.\nConservamos sus datos \u00fanicamente durante el tiempo necesario para cumplir los fines mencionados o lo que exija la ley. Usted puede solicitar la eliminaci\u00f3n de sus datos en cualquier momento.\t\t\t\t\t<\/p>\n\t\t\t\t\n\t\t\t<\/div>\n\t\t\t\n\t\t<\/div>\n\t\t\t\t\t\t<\/div>\n\t\t\t\t<\/div>\n\t\t\t\t<div class=\"elementor-element elementor-element-0fedd24 elementor-widget elementor-widget-icon-box\" data-id=\"0fedd24\" data-element_type=\"widget\" data-widget_type=\"icon-box.default\">\n\t\t\t\t<div class=\"elementor-widget-container\">\n\t\t\t\t\t\t\t<div class=\"elementor-icon-box-wrapper\">\n\n\t\t\t\n\t\t\t\t\t\t<div class=\"elementor-icon-box-content\">\n\n\t\t\t\t\t\t\t\t\t<h3 class=\"elementor-icon-box-title\">\n\t\t\t\t\t\t<span  >\n\t\t\t\t\t\t\tSus derechos de protecci\u00f3n de datos\t\t\t\t\t\t<\/span>\n\t\t\t\t\t<\/h3>\n\t\t\t\t\n\t\t\t\t\t\t\t\t\t<p class=\"elementor-icon-box-description\">\n\t\t\t\t\t\tUsted tiene derecho a:\nAcceder a sus datos personales.\nSolicitar correcciones a informaci\u00f3n inexacta o incompleta.\nSolicitar la eliminaci\u00f3n de sus datos personales (en determinadas condiciones).\nRestringir u oponerse al procesamiento de sus datos (en determinadas condiciones).\nSolicitar la portabilidad de sus datos para transferirlos a otro proveedor de servicios.\nPara ejercer cualquiera de estos derechos, por favor cont\u00e1ctenos a: info@ationsolutions.com\nResponderemos en un plazo de 30 d\u00edas.\t\t\t\t\t<\/p>\n\t\t\t\t\n\t\t\t<\/div>\n\t\t\t\n\t\t<\/div>\n\t\t\t\t\t\t<\/div>\n\t\t\t\t<\/div>\n\t\t\t\t<div class=\"elementor-element elementor-element-d3c1e07 elementor-widget elementor-widget-icon-box\" data-id=\"d3c1e07\" data-element_type=\"widget\" data-widget_type=\"icon-box.default\">\n\t\t\t\t<div class=\"elementor-widget-container\">\n\t\t\t\t\t\t\t<div class=\"elementor-icon-box-wrapper\">\n\n\t\t\t\n\t\t\t\t\t\t<div class=\"elementor-icon-box-content\">\n\n\t\t\t\t\t\t\t\t\t<h3 class=\"elementor-icon-box-title\">\n\t\t\t\t\t\t<span  >\n\t\t\t\t\t\t\tCookies y tecnolog\u00edas de seguimiento\t\t\t\t\t\t<\/span>\n\t\t\t\t\t<\/h3>\n\t\t\t\t\n\t\t\t\t\t\t\t\t\t<p class=\"elementor-icon-box-description\">\n\t\t\t\t\t\tUtilizamos cookies para recopilar informaci\u00f3n est\u00e1ndar del registro de internet y datos sobre el comportamiento del usuario. Esto nos ayuda a mejorar su experiencia, analizar el uso del sitio web y optimizar nuestros servicios.\nUsted puede configurar su navegador para que no acepte cookies. Para m\u00e1s informaci\u00f3n, visite www.aboutcookies.org.\t\t\t\t\t<\/p>\n\t\t\t\t\n\t\t\t<\/div>\n\t\t\t\n\t\t<\/div>\n\t\t\t\t\t\t<\/div>\n\t\t\t\t<\/div>\n\t\t\t\t<div class=\"elementor-element elementor-element-9897bfd elementor-widget elementor-widget-icon-box\" data-id=\"9897bfd\" data-element_type=\"widget\" data-widget_type=\"icon-box.default\">\n\t\t\t\t<div class=\"elementor-widget-container\">\n\t\t\t\t\t\t\t<div class=\"elementor-icon-box-wrapper\">\n\n\t\t\t\n\t\t\t\t\t\t<div class=\"elementor-icon-box-content\">\n\n\t\t\t\t\t\t\t\t\t<h3 class=\"elementor-icon-box-title\">\n\t\t\t\t\t\t<span  >\n\t\t\t\t\t\t\tPol\u00edticas de privacidad de otros sitios web\t\t\t\t\t\t<\/span>\n\t\t\t\t\t<\/h3>\n\t\t\t\t\n\t\t\t\t\t\t\t\t\t<p class=\"elementor-icon-box-description\">\n\t\t\t\t\t\tNuestro sitio puede contener enlaces a sitios externos. Esta Pol\u00edtica de Privacidad aplica \u00fanicamente al sitio web de Ation Solutions. Si accede a otro sitio, le recomendamos revisar su pol\u00edtica de privacidad correspondiente.\t\t\t\t\t<\/p>\n\t\t\t\t\n\t\t\t<\/div>\n\t\t\t\n\t\t<\/div>\n\t\t\t\t\t\t<\/div>\n\t\t\t\t<\/div>\n\t\t\t\t<div class=\"elementor-element elementor-element-adae964 elementor-widget elementor-widget-icon-box\" data-id=\"adae964\" data-element_type=\"widget\" data-widget_type=\"icon-box.default\">\n\t\t\t\t<div class=\"elementor-widget-container\">\n\t\t\t\t\t\t\t<div class=\"elementor-icon-box-wrapper\">\n\n\t\t\t\n\t\t\t\t\t\t<div class=\"elementor-icon-box-content\">\n\n\t\t\t\t\t\t\t\t\t<h3 class=\"elementor-icon-box-title\">\n\t\t\t\t\t\t<span  >\n\t\t\t\t\t\t\tCambios a nuestra Pol\u00edtica de Privacidad\t\t\t\t\t\t<\/span>\n\t\t\t\t\t<\/h3>\n\t\t\t\t\n\t\t\t\t\t\t\t\t\t<p class=\"elementor-icon-box-description\">\n\t\t\t\t\t\tAtion Solutions revisa regularmente esta Pol\u00edtica de Privacidad y publicar\u00e1 actualizaciones en esta misma p\u00e1gina.\nEsta pol\u00edtica fue actualizada por \u00faltima vez en mayo de 2025.\t\t\t\t\t<\/p>\n\t\t\t\t\n\t\t\t<\/div>\n\t\t\t\n\t\t<\/div>\n\t\t\t\t\t\t<\/div>\n\t\t\t\t<\/div>\n\t\t\t\t<div class=\"elementor-element elementor-element-675233e elementor-align-justify elementor-widget__width-initial elementor-widget-mobile__width-inherit elementor-mobile-align-justify elementor-widget elementor-widget-button\" data-id=\"675233e\" data-element_type=\"widget\" data-widget_type=\"button.default\">\n\t\t\t\t<div class=\"elementor-widget-container\">\n\t\t\t\t\t\t\t\t\t<div class=\"elementor-button-wrapper\">\n\t\t\t\t\t<a class=\"elementor-button elementor-button-link elementor-size-sm\" href=\"https:\/\/ationsolutions.com\/esp\">\n\t\t\t\t\t\t<span class=\"elementor-button-content-wrapper\">\n\t\t\t\t\t\t\t\t\t<span class=\"elementor-button-text\">Inicio<\/span>\n\t\t\t\t\t<\/span>\n\t\t\t\t\t<\/a>\n\t\t\t\t<\/div>\n\t\t\t\t\t\t\t\t<\/div>\n\t\t\t\t<\/div>\n\t\t\t\t\t<\/div>\n\t\t\t\t<\/div>\n\t\t\t\t<\/div>\n\t\t","protected":false},"excerpt":{"rendered":"<p>Pol\u00edtica de Privacidad y Tratamiento de Datos. Ation Solutions Pty Ltd \u2013 Privacy Policy Esta Pol\u00edtica de Privacidad explica c\u00f3mo Ation Solutions Pty Ltd (\u00abAtion Solutions\u00bb, \u00abnosotros\u00bb o \u00abnuestro\u00bb) recopila, utiliza y protege sus datos personales cuando interact\u00faa con nuestro sitio web, plataformas digitales o servicios. \u00bfQu\u00e9 datos recopilamos? Ation Solutions recopila los siguientes tipos [&hellip;]<\/p>\n","protected":false},"author":3,"featured_media":0,"parent":0,"menu_order":0,"comment_status":"closed","ping_status":"closed","template":"","meta":{"footnotes":""},"class_list":["post-581","page","type-page","status-publish","hentry"],"_links":{"self":[{"href":"https:\/\/ationsolutions.com\/esp\/wp-json\/wp\/v2\/pages\/581","targetHints":{"allow":["GET"]}}],"collection":[{"href":"https:\/\/ationsolutions.com\/esp\/wp-json\/wp\/v2\/pages"}],"about":[{"href":"https:\/\/ationsolutions.com\/esp\/wp-json\/wp\/v2\/types\/page"}],"author":[{"embeddable":true,"href":"https:\/\/ationsolutions.com\/esp\/wp-json\/wp\/v2\/users\/3"}],"replies":[{"embeddable":true,"href":"https:\/\/ationsolutions.com\/esp\/wp-json\/wp\/v2\/comments?post=581"}],"version-history":[{"count":20,"href":"https:\/\/ationsolutions.com\/esp\/wp-json\/wp\/v2\/pages\/581\/revisions"}],"predecessor-version":[{"id":2019,"href":"https:\/\/ationsolutions.com\/esp\/wp-json\/wp\/v2\/pages\/581\/revisions\/2019"}],"wp:attachment":[{"href":"https:\/\/ationsolutions.com\/esp\/wp-json\/wp\/v2\/media?parent=581"}],"curies":[{"name":"wp","href":"https:\/\/api.w.org\/{rel}","templated":true}]}}