{"id":894,"date":"2025-06-10T05:38:13","date_gmt":"2025-06-10T05:38:13","guid":{"rendered":"https:\/\/ationsolutions.com\/esp\/?page_id=894"},"modified":"2025-11-27T12:44:01","modified_gmt":"2025-11-27T17:44:01","slug":"petroleo-gas-y-mineria","status":"publish","type":"page","link":"https:\/\/ationsolutions.com\/esp\/petroleo-gas-y-mineria\/","title":{"rendered":"Petr\u00f3leo, Gas y Miner\u00eda"},"content":{"rendered":"\t\t<div data-elementor-type=\"wp-page\" data-elementor-id=\"894\" class=\"elementor elementor-894\" data-elementor-post-type=\"page\">\n\t\t\t\t<div class=\"elementor-element elementor-element-3545bec e-flex e-con-boxed elementor-invisible e-con e-parent\" data-id=\"3545bec\" data-element_type=\"container\" data-settings=\"{&quot;background_background&quot;:&quot;classic&quot;,&quot;jet_parallax_layout_list&quot;:[],&quot;animation&quot;:&quot;fadeIn&quot;}\">\n\t\t\t\t\t<div class=\"e-con-inner\">\n\t\t<div class=\"elementor-element elementor-element-f4cf460 e-con-full animated-slow e-flex elementor-invisible e-con e-child\" data-id=\"f4cf460\" data-element_type=\"container\" data-settings=\"{&quot;jet_parallax_layout_list&quot;:[],&quot;animation&quot;:&quot;fadeInRight&quot;}\">\n\t\t\t\t<div class=\"elementor-element elementor-element-799cbb7 elementor-widget elementor-widget-heading\" data-id=\"799cbb7\" data-element_type=\"widget\" data-widget_type=\"heading.default\">\n\t\t\t\t<div class=\"elementor-widget-container\">\n\t\t\t\t\t<h1 class=\"elementor-heading-title elementor-size-default\">Acelerando la Transici\u00f3n Energ\u00e9tica en Petr\u00f3leo, Gas y Miner\u00eda<\/h1>\t\t\t\t<\/div>\n\t\t\t\t<\/div>\n\t\t\t\t<div class=\"elementor-element elementor-element-a968f84 elementor-widget elementor-widget-text-editor\" data-id=\"a968f84\" data-element_type=\"widget\" data-widget_type=\"text-editor.default\">\n\t\t\t\t<div class=\"elementor-widget-container\">\n\t\t\t\t\t\t\t\t\t<p><span style=\"font-weight: 400;\">Optimizamos operaciones, reducimos emisiones y alineamos procesos con los objetivos ESG en industrias extractivas y de procesamiento.<\/span><\/p>\t\t\t\t\t\t\t\t<\/div>\n\t\t\t\t<\/div>\n\t\t\t\t<\/div>\n\t\t\t\t\t<\/div>\n\t\t\t\t<\/div>\n\t\t<div class=\"elementor-element elementor-element-3467323 e-flex e-con-boxed e-con e-parent\" data-id=\"3467323\" data-element_type=\"container\" data-settings=\"{&quot;jet_parallax_layout_list&quot;:[]}\">\n\t\t\t\t\t<div class=\"e-con-inner\">\n\t\t<div class=\"elementor-element elementor-element-d9e294d e-con-full e-flex e-con e-child\" data-id=\"d9e294d\" data-element_type=\"container\" data-settings=\"{&quot;jet_parallax_layout_list&quot;:[]}\">\n\t\t<div class=\"elementor-element elementor-element-02fe25d e-con-full e-flex e-con e-child\" data-id=\"02fe25d\" data-element_type=\"container\" data-settings=\"{&quot;jet_parallax_layout_list&quot;:[]}\">\n\t\t\t\t<div class=\"elementor-element elementor-element-7c4f7d4 elementor-widget__width-initial elementor-invisible elementor-widget elementor-widget-heading\" data-id=\"7c4f7d4\" data-element_type=\"widget\" data-settings=\"{&quot;_animation&quot;:&quot;fadeIn&quot;}\" data-widget_type=\"heading.default\">\n\t\t\t\t<div class=\"elementor-widget-container\">\n\t\t\t\t\t<h2 class=\"elementor-heading-title elementor-size-default\">Impulsando la Eficiencia y la Sostenibilidad en Operaciones Extractivas\n<\/h2>\t\t\t\t<\/div>\n\t\t\t\t<\/div>\n\t\t\t\t<div class=\"elementor-element elementor-element-bc8b298 elementor-widget__width-initial elementor-invisible elementor-widget elementor-widget-heading\" data-id=\"bc8b298\" data-element_type=\"widget\" data-settings=\"{&quot;_animation&quot;:&quot;fadeIn&quot;}\" data-widget_type=\"heading.default\">\n\t\t\t\t<div class=\"elementor-widget-container\">\n\t\t\t\t\t<h2 class=\"elementor-heading-title elementor-size-default\">Mejoramos el rendimiento mientras acompa\u00f1amos la transici\u00f3n energ\u00e9tica.\n<\/h2>\t\t\t\t<\/div>\n\t\t\t\t<\/div>\n\t\t\t\t<div class=\"elementor-element elementor-element-295c5fd elementor-widget__width-initial elementor-invisible elementor-widget elementor-widget-text-editor\" data-id=\"295c5fd\" data-element_type=\"widget\" data-settings=\"{&quot;_animation&quot;:&quot;fadeIn&quot;,&quot;_animation_delay&quot;:400}\" data-widget_type=\"text-editor.default\">\n\t\t\t\t<div class=\"elementor-widget-container\">\n\t\t\t\t\t\t\t\t\t<p><span style=\"font-weight: 400;\">Guiamos a las industrias extractivas en la reducci\u00f3n de costos, mejora de la eficiencia energ\u00e9tica y alineaci\u00f3n con objetivos ESG (Ambientales, Sociales y de Gobernanza)<\/span><\/p>\t\t\t\t\t\t\t\t<\/div>\n\t\t\t\t<\/div>\n\t\t\t\t<\/div>\n\t\t\t\t<div class=\"elementor-element elementor-element-af3a016 elementor-invisible elementor-widget elementor-widget-image\" data-id=\"af3a016\" data-element_type=\"widget\" data-settings=\"{&quot;_animation&quot;:&quot;fadeInLeft&quot;}\" data-widget_type=\"image.default\">\n\t\t\t\t<div class=\"elementor-widget-container\">\n\t\t\t\t\t\t\t\t\t\t\t\t\t\t\t<img fetchpriority=\"high\" decoding=\"async\" width=\"511\" height=\"511\" src=\"https:\/\/ationsolutions.com\/esp\/wp-content\/uploads\/industrial-manufacturing-efficiency.png\" class=\"attachment-large size-large wp-image-887\" alt=\"Ation | Conectando la innovaci\u00f3n Australia y Am\u00e9rica Latina\" srcset=\"https:\/\/ationsolutions.com\/esp\/wp-content\/uploads\/industrial-manufacturing-efficiency.png 511w, https:\/\/ationsolutions.com\/esp\/wp-content\/uploads\/industrial-manufacturing-efficiency-300x300.png 300w, https:\/\/ationsolutions.com\/esp\/wp-content\/uploads\/industrial-manufacturing-efficiency-150x150.png 150w\" sizes=\"(max-width: 511px) 100vw, 511px\" \/>\t\t\t\t\t\t\t\t\t\t\t\t\t\t\t<\/div>\n\t\t\t\t<\/div>\n\t\t\t\t<\/div>\n\t\t\t\t\t<\/div>\n\t\t\t\t<\/div>\n\t\t<div class=\"elementor-element elementor-element-7a625b7 e-flex e-con-boxed e-con e-parent\" data-id=\"7a625b7\" data-element_type=\"container\" data-settings=\"{&quot;jet_parallax_layout_list&quot;:[]}\">\n\t\t\t\t\t<div class=\"e-con-inner\">\n\t\t\t\t<div class=\"elementor-element elementor-element-6d6b44f elementor-invisible elementor-widget elementor-widget-heading\" data-id=\"6d6b44f\" data-element_type=\"widget\" data-settings=\"{&quot;_animation&quot;:&quot;fadeIn&quot;}\" data-widget_type=\"heading.default\">\n\t\t\t\t<div class=\"elementor-widget-container\">\n\t\t\t\t\t<h2 class=\"elementor-heading-title elementor-size-default\"><b> Con qui\u00e9n trabajamos<\/b> <\/h2>\t\t\t\t<\/div>\n\t\t\t\t<\/div>\n\t\t\t\t<div class=\"elementor-element elementor-element-a35c556 elementor-widget__width-initial elementor-invisible elementor-widget elementor-widget-heading\" data-id=\"a35c556\" data-element_type=\"widget\" data-settings=\"{&quot;_animation&quot;:&quot;fadeIn&quot;,&quot;_animation_delay&quot;:200}\" data-widget_type=\"heading.default\">\n\t\t\t\t<div class=\"elementor-widget-container\">\n\t\t\t\t\t<h3 class=\"elementor-heading-title elementor-size-default\">\nColaboramos con industrias de alto consumo energ\u00e9tico para recuperar calor residual, reducir emisiones y aumentar la eficiencia operativa.\n<\/h3>\t\t\t\t<\/div>\n\t\t\t\t<\/div>\n\t\t\t\t<div class=\"elementor-element elementor-element-4e0d358 elementor-widget elementor-widget-jet-carousel\" data-id=\"4e0d358\" data-element_type=\"widget\" data-settings=\"{&quot;slides_to_show&quot;:&quot;4&quot;,&quot;slides_to_show_tablet&quot;:&quot;3&quot;,&quot;slides_to_show_mobile&quot;:&quot;2&quot;,&quot;slides_to_scroll&quot;:&quot;1&quot;}\" data-widget_type=\"jet-carousel.default\">\n\t\t\t\t<div class=\"elementor-widget-container\">\n\t\t\t\t\t<div class=\"elementor-jet-carousel jet-elements\"><div class=\"jet-carousel-wrap jet-equal-cols\">\n\t<div class=\"jet-carousel\" data-slider_options=\"{&quot;autoplaySpeed&quot;:5000,&quot;autoplay&quot;:true,&quot;infinite&quot;:true,&quot;centerMode&quot;:false,&quot;centerPadding&quot;:&quot;50px&quot;,&quot;pauseOnHover&quot;:false,&quot;speed&quot;:500,&quot;arrows&quot;:true,&quot;dots&quot;:true,&quot;variableWidth&quot;:false,&quot;prevArrow&quot;:&quot;.jet-carousel__prev-arrow-4e0d358&quot;,&quot;nextArrow&quot;:&quot;.jet-carousel__next-arrow-4e0d358&quot;,&quot;rtl&quot;:false,&quot;fractionNav&quot;:false}\" dir=\"ltr\">\n\t<div class=\"elementor-slick-slider\">\n\n<div class=\"jet-carousel__item\">\n\t<div class=\"jet-carousel__item-inner\"><a href=\"#\" class=\"jet-carousel__item-link\" ><img decoding=\"async\" src=\"https:\/\/ationsolutions.com\/esp\/wp-content\/uploads\/supporting-oil-gas-and-mining-industries-ation-1-1.png\" class=\"jet-carousel__item-img\" alt=\"Ation | Conectando la innovaci\u00f3n Australia y Am\u00e9rica Latina\" loading=\"\"><\/a><div class=\"jet-carousel__content\"><h5 class=\"jet-carousel__item-title\">Operadores de exploraci\u00f3n y producci\u00f3n de petr\u00f3leo y gas (upstream)<\/h5><\/div><\/div>\n<\/div>\n\n<div class=\"jet-carousel__item\">\n\t<div class=\"jet-carousel__item-inner\"><a href=\"#\" class=\"jet-carousel__item-link\" ><img decoding=\"async\" src=\"https:\/\/ationsolutions.com\/esp\/wp-content\/uploads\/supporting-oil-gas-and-mining-industries-ation-2-1.png\" class=\"jet-carousel__item-img\" alt=\"Ation | Conectando la innovaci\u00f3n Australia y Am\u00e9rica Latina\" loading=\"\"><\/a><div class=\"jet-carousel__content\"><h5 class=\"jet-carousel__item-title\">Empresas de procesamiento y transporte de gas<\/h5><\/div><\/div>\n<\/div>\n\n<div class=\"jet-carousel__item\">\n\t<div class=\"jet-carousel__item-inner\"><a href=\"#\" class=\"jet-carousel__item-link\" ><img decoding=\"async\" src=\"https:\/\/ationsolutions.com\/esp\/wp-content\/uploads\/supporting-oil-gas-and-mining-industries-ation-3-1.png\" class=\"jet-carousel__item-img\" alt=\"Ation | Conectando la innovaci\u00f3n Australia y Am\u00e9rica Latina\" loading=\"\"><\/a><div class=\"jet-carousel__content\"><h5 class=\"jet-carousel__item-title\">Desarrolladores de proyectos de GNL y GNC<\/h5><\/div><\/div>\n<\/div>\n\n<div class=\"jet-carousel__item\">\n\t<div class=\"jet-carousel__item-inner\"><a href=\"#\" class=\"jet-carousel__item-link\" ><img decoding=\"async\" src=\"https:\/\/ationsolutions.com\/esp\/wp-content\/uploads\/supporting-oil-gas-and-mining-industries-ation-4-1.png\" class=\"jet-carousel__item-img\" alt=\"Ation | Conectando la innovaci\u00f3n Australia y Am\u00e9rica Latina\" loading=\"\"><\/a><div class=\"jet-carousel__content\"><h5 class=\"jet-carousel__item-title\">Empresas mineras (carb\u00f3n, cobre, oro)<\/h5><\/div><\/div>\n<\/div>\n\n<div class=\"jet-carousel__item\">\n\t<div class=\"jet-carousel__item-inner\"><a href=\"#\" class=\"jet-carousel__item-link\" ><img decoding=\"async\" src=\"https:\/\/ationsolutions.com\/esp\/wp-content\/uploads\/supporting-oil-gas-and-mining-industries-ation-5-1.png\" class=\"jet-carousel__item-img\" alt=\"Ation | Conectando la innovaci\u00f3n Australia y Am\u00e9rica Latina\" loading=\"\"><\/a><div class=\"jet-carousel__content\"><h5 class=\"jet-carousel__item-title\">Industrias de refinaci\u00f3n y petroqu\u00edmica<\/h5><\/div><\/div>\n<\/div>\n<\/div><div class=\"jet-carousel__prev-arrow-4e0d358 jet-arrow prev-arrow\"><svg aria-hidden=\"true\" class=\"e-font-icon-svg e-fas-chevron-left\" viewBox=\"0 0 320 512\" xmlns=\"http:\/\/www.w3.org\/2000\/svg\"><path d=\"M34.52 239.03L228.87 44.69c9.37-9.37 24.57-9.37 33.94 0l22.67 22.67c9.36 9.36 9.37 24.52.04 33.9L131.49 256l154.02 154.75c9.34 9.38 9.32 24.54-.04 33.9l-22.67 22.67c-9.37 9.37-24.57 9.37-33.94 0L34.52 272.97c-9.37-9.37-9.37-24.57 0-33.94z\"><\/path><\/svg><\/div><div class=\"jet-carousel__next-arrow-4e0d358 jet-arrow next-arrow\"><svg aria-hidden=\"true\" class=\"e-font-icon-svg e-fas-chevron-right\" viewBox=\"0 0 320 512\" xmlns=\"http:\/\/www.w3.org\/2000\/svg\"><path d=\"M285.476 272.971L91.132 467.314c-9.373 9.373-24.569 9.373-33.941 0l-22.667-22.667c-9.357-9.357-9.375-24.522-.04-33.901L188.505 256 34.484 101.255c-9.335-9.379-9.317-24.544.04-33.901l22.667-22.667c9.373-9.373 24.569-9.373 33.941 0L285.475 239.03c9.373 9.372 9.373 24.568.001 33.941z\"><\/path><\/svg><\/div><\/div>\n<\/div>\n<\/div>\t\t\t\t<\/div>\n\t\t\t\t<\/div>\n\t\t\t\t\t<\/div>\n\t\t\t\t<\/div>\n\t\t<div class=\"elementor-element elementor-element-8048a3f e-flex e-con-boxed e-con e-parent\" data-id=\"8048a3f\" data-element_type=\"container\" id=\"form\" data-settings=\"{&quot;background_background&quot;:&quot;classic&quot;,&quot;jet_parallax_layout_list&quot;:[]}\">\n\t\t\t\t\t<div class=\"e-con-inner\">\n\t\t\t\t<div class=\"elementor-element elementor-element-4bc4f1d elementor-widget__width-initial elementor-invisible elementor-widget elementor-widget-heading\" data-id=\"4bc4f1d\" data-element_type=\"widget\" data-settings=\"{&quot;_animation&quot;:&quot;fadeIn&quot;}\" data-widget_type=\"heading.default\">\n\t\t\t\t<div class=\"elementor-widget-container\">\n\t\t\t\t\t<h2 class=\"elementor-heading-title elementor-size-default\"><b> Perm\u00edtanos ayudarle a capitalizar <\/b> las oportunidades dentro de su organizaci\u00f3n\n<\/h2>\t\t\t\t<\/div>\n\t\t\t\t<\/div>\n\t\t\t\t<div class=\"elementor-element elementor-element-34fe29f elementor-widget__width-initial elementor-invisible elementor-widget elementor-widget-heading\" data-id=\"34fe29f\" data-element_type=\"widget\" data-settings=\"{&quot;_animation&quot;:&quot;fadeIn&quot;,&quot;_animation_delay&quot;:200}\" data-widget_type=\"heading.default\">\n\t\t\t\t<div class=\"elementor-widget-container\">\n\t\t\t\t\t<h3 class=\"elementor-heading-title elementor-size-default\">Cont\u00e1ctenos para explorar c\u00f3mo Ation Solutions puede ayudarle a mejorar la eficiencia, reducir emisiones y generar nuevo valor para su negocio.<\/h3>\t\t\t\t<\/div>\n\t\t\t\t<\/div>\n\t\t<div class=\"elementor-element elementor-element-761d661 e-grid e-con-full e-con e-child\" data-id=\"761d661\" data-element_type=\"container\" data-settings=\"{&quot;jet_parallax_layout_list&quot;:[]}\">\n\t\t\t\t<div class=\"elementor-element elementor-element-a3e93dc animated-slow elementor-button-align-stretch elementor-invisible elementor-widget elementor-widget-form\" data-id=\"a3e93dc\" data-element_type=\"widget\" data-settings=\"{&quot;step_next_label&quot;:&quot;Next&quot;,&quot;step_previous_label&quot;:&quot;Previous&quot;,&quot;_animation&quot;:&quot;zoomIn&quot;,&quot;button_width&quot;:&quot;100&quot;,&quot;step_type&quot;:&quot;number_text&quot;,&quot;step_icon_shape&quot;:&quot;circle&quot;}\" data-widget_type=\"form.default\">\n\t\t\t\t<div class=\"elementor-widget-container\">\n\t\t\t\t\t\t\t<form class=\"elementor-form\" method=\"post\" name=\"Form. Oil\" aria-label=\"Form. Oil\">\n\t\t\t<input type=\"hidden\" name=\"post_id\" value=\"894\"\/>\n\t\t\t<input type=\"hidden\" name=\"form_id\" value=\"a3e93dc\"\/>\n\t\t\t<input type=\"hidden\" name=\"referer_title\" value=\"\" \/>\n\n\t\t\t\n\t\t\t<div class=\"elementor-form-fields-wrapper elementor-labels-above\">\n\t\t\t\t\t\t\t\t<div class=\"elementor-field-type-text elementor-field-group elementor-column elementor-field-group-name elementor-col-100\">\n\t\t\t\t\t\t\t\t\t\t\t\t\t<input size=\"1\" type=\"text\" name=\"form_fields[name]\" id=\"form-field-name\" class=\"elementor-field elementor-size-sm  elementor-field-textual\" placeholder=\"Nombre*\">\n\t\t\t\t\t\t\t\t\t\t\t<\/div>\n\t\t\t\t\t\t\t\t<div class=\"elementor-field-type-email elementor-field-group elementor-column elementor-field-group-email elementor-col-100 elementor-field-required\">\n\t\t\t\t\t\t\t\t\t\t\t\t\t<input size=\"1\" type=\"email\" name=\"form_fields[email]\" id=\"form-field-email\" class=\"elementor-field elementor-size-sm  elementor-field-textual\" placeholder=\"Correo electr\u00f3nico*\" required=\"required\">\n\t\t\t\t\t\t\t\t\t\t\t<\/div>\n\t\t\t\t\t\t\t\t<div class=\"elementor-field-type-tel elementor-field-group elementor-column elementor-field-group-field_b1ea4b5 elementor-col-100\">\n\t\t\t\t\t\t\t<input size=\"1\" type=\"tel\" name=\"form_fields[field_b1ea4b5]\" id=\"form-field-field_b1ea4b5\" class=\"elementor-field elementor-size-sm  elementor-field-textual\" placeholder=\"Tel\u00e9fono \" pattern=\"[0-9()#&amp;+*-=.]+\" title=\"Solo se aceptan n\u00fameros y caracteres de tel\u00e9fono (#,-,*,etc).\">\n\n\t\t\t\t\t\t<\/div>\n\t\t\t\t\t\t\t\t<div class=\"elementor-field-type-text elementor-field-group elementor-column elementor-field-group-field_74ca0cb elementor-col-100 elementor-field-required\">\n\t\t\t\t\t\t\t\t\t\t\t\t\t<input size=\"1\" type=\"text\" name=\"form_fields[field_74ca0cb]\" id=\"form-field-field_74ca0cb\" class=\"elementor-field elementor-size-sm  elementor-field-textual\" placeholder=\"Sector o Industria\" required=\"required\">\n\t\t\t\t\t\t\t\t\t\t\t<\/div>\n\t\t\t\t\t\t\t\t<div class=\"elementor-field-type-textarea elementor-field-group elementor-column elementor-field-group-message elementor-col-100\">\n\t\t\t\t\t<textarea class=\"elementor-field-textual elementor-field  elementor-size-sm\" name=\"form_fields[message]\" id=\"form-field-message\" rows=\"4\" placeholder=\"\u00bfC\u00f3mo podemos ayudarte?\"><\/textarea>\t\t\t\t<\/div>\n\t\t\t\t\t\t\t\t<div class=\"elementor-field-type-acceptance elementor-field-group elementor-column elementor-field-group-field_05f1538 elementor-col-100 elementor-field-required\">\n\t\t\t\t\t\t\t<div class=\"elementor-field-subgroup\">\n\t\t\t<span class=\"elementor-field-option\">\n\t\t\t\t<input type=\"checkbox\" name=\"form_fields[field_05f1538]\" id=\"form-field-field_05f1538\" class=\"elementor-field elementor-size-sm  elementor-acceptance-field\" required=\"required\" checked=\"checked\">\n\t\t\t\t<label for=\"form-field-field_05f1538\">By clicking the 'Submit' button, I agree to and accept the data processing policy\n<br><br>\nFor more information read our Data Processing Policy here <a href=\"\/privacy-policy\" target=\"_blank\" style=\"color:#000000; text-decoration: underline;\">Data processing policy<\/a>\n<\/label>\t\t\t<\/span>\n\t\t<\/div>\n\t\t\t\t\t\t<\/div>\n\t\t\t\t\t\t\t\t<div class=\"elementor-field-type-recaptcha_v3 elementor-field-group elementor-column elementor-field-group-field_445cdb2 elementor-col-100 recaptcha_v3-bottomright\">\n\t\t\t\t\t<div class=\"elementor-field\" id=\"form-field-field_445cdb2\"><div class=\"elementor-g-recaptcha\" data-sitekey=\"6LfkFnQrAAAAAGrmgt41B3I5jvxQr7IYDXZ4Pfm7\" data-type=\"v3\" data-action=\"Form\" data-badge=\"bottomright\" data-size=\"invisible\"><\/div><\/div>\t\t\t\t<\/div>\n\t\t\t\t\t\t\t\t<div class=\"elementor-field-type-text\">\n\t\t\t\t\t<input size=\"1\" type=\"text\" name=\"form_fields[field_bc4223c]\" id=\"form-field-field_bc4223c\" class=\"elementor-field elementor-size-sm \" style=\"display:none !important;\">\t\t\t\t<\/div>\n\t\t\t\t\t\t\t\t<div class=\"elementor-field-group elementor-column elementor-field-type-submit elementor-col-100 e-form__buttons\">\n\t\t\t\t\t<button class=\"elementor-button elementor-size-sm\" type=\"submit\">\n\t\t\t\t\t\t<span class=\"elementor-button-content-wrapper\">\n\t\t\t\t\t\t\t\t\t\t\t\t\t\t\t\t\t\t\t\t\t\t<span class=\"elementor-button-text\">Enviar<\/span>\n\t\t\t\t\t\t\t\t\t\t\t\t\t<\/span>\n\t\t\t\t\t<\/button>\n\t\t\t\t<\/div>\n\t\t\t<\/div>\n\t\t<\/form>\n\t\t\t\t\t\t<\/div>\n\t\t\t\t<\/div>\n\t\t\t\t<div class=\"elementor-element elementor-element-adb7c4f elementor-invisible elementor-widget elementor-widget-image\" data-id=\"adb7c4f\" data-element_type=\"widget\" data-settings=\"{&quot;_animation&quot;:&quot;fadeInRight&quot;}\" data-widget_type=\"image.default\">\n\t\t\t\t<div class=\"elementor-widget-container\">\n\t\t\t\t\t\t\t\t\t\t\t\t\t\t\t<img decoding=\"async\" width=\"592\" height=\"593\" src=\"https:\/\/ationsolutions.com\/esp\/wp-content\/uploads\/2025\/05\/pqr-ation.png\" class=\"attachment-full size-full wp-image-102\" alt=\"\" srcset=\"https:\/\/ationsolutions.com\/esp\/wp-content\/uploads\/2025\/05\/pqr-ation.png 592w, https:\/\/ationsolutions.com\/esp\/wp-content\/uploads\/2025\/05\/pqr-ation-300x300.png 300w, https:\/\/ationsolutions.com\/esp\/wp-content\/uploads\/2025\/05\/pqr-ation-150x150.png 150w\" sizes=\"(max-width: 592px) 100vw, 592px\" \/>\t\t\t\t\t\t\t\t\t\t\t\t\t\t\t<\/div>\n\t\t\t\t<\/div>\n\t\t\t\t<\/div>\n\t\t\t\t\t<\/div>\n\t\t\t\t<\/div>\n\t\t\t\t<\/div>\n\t\t","protected":false},"excerpt":{"rendered":"<p>Acelerando la Transici\u00f3n Energ\u00e9tica en Petr\u00f3leo, Gas y Miner\u00eda Optimizamos operaciones, reducimos emisiones y alineamos procesos con los objetivos ESG en industrias extractivas y de procesamiento. Impulsando la Eficiencia y la Sostenibilidad en Operaciones Extractivas Mejoramos el rendimiento mientras acompa\u00f1amos la transici\u00f3n energ\u00e9tica. Guiamos a las industrias extractivas en la reducci\u00f3n de costos, mejora de [&hellip;]<\/p>\n","protected":false},"author":3,"featured_media":0,"parent":0,"menu_order":0,"comment_status":"closed","ping_status":"closed","template":"","meta":{"footnotes":""},"class_list":["post-894","page","type-page","status-publish","hentry"],"_links":{"self":[{"href":"https:\/\/ationsolutions.com\/esp\/wp-json\/wp\/v2\/pages\/894","targetHints":{"allow":["GET"]}}],"collection":[{"href":"https:\/\/ationsolutions.com\/esp\/wp-json\/wp\/v2\/pages"}],"about":[{"href":"https:\/\/ationsolutions.com\/esp\/wp-json\/wp\/v2\/types\/page"}],"author":[{"embeddable":true,"href":"https:\/\/ationsolutions.com\/esp\/wp-json\/wp\/v2\/users\/3"}],"replies":[{"embeddable":true,"href":"https:\/\/ationsolutions.com\/esp\/wp-json\/wp\/v2\/comments?post=894"}],"version-history":[{"count":53,"href":"https:\/\/ationsolutions.com\/esp\/wp-json\/wp\/v2\/pages\/894\/revisions"}],"predecessor-version":[{"id":2127,"href":"https:\/\/ationsolutions.com\/esp\/wp-json\/wp\/v2\/pages\/894\/revisions\/2127"}],"wp:attachment":[{"href":"https:\/\/ationsolutions.com\/esp\/wp-json\/wp\/v2\/media?parent=894"}],"curies":[{"name":"wp","href":"https:\/\/api.w.org\/{rel}","templated":true}]}}